{"id":1485,"date":"2022-06-11T22:39:20","date_gmt":"2022-06-11T22:39:20","guid":{"rendered":"https:\/\/www.akdemirstext.com\/contact\/"},"modified":"2024-09-25T11:34:55","modified_gmt":"2024-09-25T11:34:55","slug":"contact","status":"publish","type":"page","link":"https:\/\/www.akdemirstext.com\/en\/contact\/","title":{"rendered":"Contact"},"content":{"rendered":"<section class=\"gb-container gb-container-1537fc24\">\n<div class=\"gb-container gb-container-e58aed2b\">\n\n<h2 class=\"gb-headline gb-headline-c5003b59 gb-headline-text\">We are waiting for your questions<\/h2>\n\n\n\n<p class=\"gb-headline gb-headline-f5f6ce8a gb-headline-text\">You can contact us about anything related to our services.<\/p>\n\n\n<div class=\"gb-container gb-container-c1d4759b\">\n\n<span class=\"gb-button gb-button-10e59523\"><span class=\"gb-icon\"><svg xmlns=\"http:\/\/www.w3.org\/2000\/svg\" viewbox=\"0 0 512 512\" width=\"1em\" height=\"1em\" aria-hidden=\"true\"><path d=\"M464 64H48C21.49 64 0 85.49 0 112v288c0 26.51 21.49 48 48 48h416c26.51 0 48-21.49 48-48V112c0-26.51-21.49-48-48-48zm0 48v40.805c-22.422 18.259-58.168 46.651-134.587 106.49-16.841 13.247-50.201 45.072-73.413 44.701-23.208.375-56.579-31.459-73.413-44.701C106.18 199.465 70.425 171.067 48 152.805V112h416zM48 400V214.398c22.914 18.251 55.409 43.862 104.938 82.646 21.857 17.205 60.134 55.186 103.062 54.955 42.717.231 80.509-37.199 103.053-54.947 49.528-38.783 82.032-64.401 104.947-82.653V400H48z\" fill=\"currentColor\"><\/path><\/svg><\/span><\/span>\n\n\n<div class=\"gb-container gb-container-73575364\">\n\n<h3 class=\"gb-headline gb-headline-c3604ae8 gb-headline-text\">E-Mail<\/h3>\n\n\n\n<p class=\"gb-headline gb-headline-f3e4fae6 gb-headline-text\"><a href=\"mailto:support@safewheels.com\"><a href=\"mailto:support@safewheels.com\">infoline@akdemirstext.com<\/a><\/a><\/p>\n\n<\/div>\n<\/div>\n\n<div class=\"gb-container gb-container-eacb46a4\">\n\n<span class=\"gb-button gb-button-989d5264\"><span class=\"gb-icon\"><svg xmlns=\"http:\/\/www.w3.org\/2000\/svg\" xml:space=\"preserve\" style=\"enable-background:new 0 0 278.567 278.567\" viewbox=\"0 0 278.567 278.567\"><path d=\"m271.245 212.376-42.426-42.426c-9.747-9.748-25.608-9.747-35.355 0l-5.604 5.604a22.773 22.773 0 0 1-16.21 6.715 22.773 22.773 0 0 1-16.21-6.715l-52.432-52.433a22.773 22.773 0 0 1-6.715-16.21c0-6.124 2.385-11.88 6.715-16.21l5.604-5.604c9.748-9.747 9.748-25.608 0-35.355L66.184 7.316c-9.747-9.748-25.608-9.748-35.355 0-35.842 35.841-41.047 92.195-12.378 133.996C50.52 188.071 90.49 228.04 137.248 260.109a104.985 104.985 0 0 0 59.508 18.452c27.162-.001 54.135-10.476 74.488-30.829 4.722-4.722 7.323-11 7.323-17.678s-2.6-12.956-7.322-17.678zM43.557 20.042c1.322-1.321 3.08-2.049 4.95-2.049s3.628.728 4.95 2.05l42.426 42.426c1.322 1.322 2.05 3.08 2.05 4.95s-.728 3.627-2.05 4.95l-2.525 2.525-52.27-52.27a89.44 89.44 0 0 1 2.469-2.582zm103.872 225.223c-44.923-30.811-83.323-69.211-114.134-114.134-19.572-28.537-20.084-65.246-3.069-93.912l52.046 52.046c-2.603 5.44-3.981 11.437-3.981 17.646 0 10.932 4.257 21.209 11.987 28.938l52.432 52.432c7.73 7.73 18.007 11.987 28.938 11.987 6.209 0 12.206-1.377 17.646-3.981l52.047 52.047c-28.665 17.015-65.374 16.504-93.912-3.069zm111.088-10.262a88.012 88.012 0 0 1-2.581 2.469l-52.27-52.27 2.525-2.525c1.322-1.322 3.08-2.05 4.95-2.05s3.628.728 4.95 2.05l42.426 42.426c2.729 2.729 2.729 7.171 0 9.9z\"><\/path><\/svg><\/span><\/span>\n\n\n<div class=\"gb-container gb-container-d8cf6b83\">\n\n<h3 class=\"gb-headline gb-headline-fd6f5d8d gb-headline-text\">Telephone<\/h3>\n\n\n\n<p class=\"gb-headline gb-headline-743f3387 gb-headline-text\"><a href=\"tel%200800%\"><\/a><a href=\"tel%200532%\"><\/a><a href=\"tel:05073633909\">0507 363 3909<\/a><\/p>\n\n<\/div>\n<\/div>\n\n<div class=\"gb-container gb-container-0a31b6cd\">\n\n<span class=\"gb-button gb-button-e9624d06\"><span class=\"gb-icon\"><svg xmlns=\"http:\/\/www.w3.org\/2000\/svg\" viewbox=\"0 0 368.666 368.666\" style=\"enable-background:new 0 0 368.666 368.666\" xml:space=\"preserve\"><path d=\"M184.333 0C102.01 0 35.036 66.974 35.036 149.297c0 33.969 11.132 65.96 32.193 92.515 27.27 34.383 106.572 116.021 109.934 119.479l7.169 7.375 7.17-7.374c3.364-3.46 82.69-85.116 109.964-119.51 21.042-26.534 32.164-58.514 32.164-92.485C333.63 66.974 266.656 0 184.333 0zm101.462 229.355c-21.956 27.687-80.92 89.278-101.462 110.581-20.54-21.302-79.483-82.875-101.434-110.552-18.228-22.984-27.863-50.677-27.863-80.087C55.036 78.002 113.038 20 184.333 20c71.294 0 129.297 58.002 129.296 129.297 0 29.412-9.625 57.096-27.834 80.058z\"><\/path><path d=\"M184.333 59.265c-48.73 0-88.374 39.644-88.374 88.374s39.645 88.374 88.374 88.374 88.374-39.645 88.374-88.374-39.644-88.374-88.374-88.374zm0 156.748c-37.702 0-68.374-30.673-68.374-68.374 0-37.702 30.673-68.374 68.374-68.374s68.373 30.673 68.374 68.374c0 37.702-30.672 68.374-68.374 68.374z\"><\/path><\/svg><\/span><\/span>\n\n\n<div class=\"gb-container gb-container-25a02a25\">\n\n<h3 class=\"gb-headline gb-headline-eec48bfe gb-headline-text\">Address<\/h3>\n\n\n\n<p class=\"gb-headline gb-headline-ea38b2da gb-headline-text\">Mehmet Nesih \u00d6zmen, Akasya Soka\u011f\u0131 Akasya \u0130\u015f Han\u0131 no 6 floor 2, 34173 G\u00fcng\u00f6ren\/\u0130stanbul<\/p>\n\n<\/div>\n<\/div>\n\n\n<h2 class=\"gb-headline gb-headline-60b49352 gb-headline-text\">Social Media<\/h2>\n\n\n<div class=\"gb-container gb-container-3122df38\">\n\n<span class=\"gb-button gb-button-724afd03\"><span class=\"gb-icon\"><svg xmlns=\"http:\/\/www.w3.org\/2000\/svg\" aria-hidden=\"true\" role=\"img\" height=\"1em\" width=\"1em\" viewbox=\"0 0 448 512\"><path fill=\"currentColor\" d=\"M224.1 141c-63.6 0-114.9 51.3-114.9 114.9s51.3 114.9 114.9 114.9S339 319.5 339 255.9 287.7 141 224.1 141zm0 189.6c-41.1 0-74.7-33.5-74.7-74.7s33.5-74.7 74.7-74.7 74.7 33.5 74.7 74.7-33.6 74.7-74.7 74.7zm146.4-194.3c0 14.9-12 26.8-26.8 26.8-14.9 0-26.8-12-26.8-26.8s12-26.8 26.8-26.8 26.8 12 26.8 26.8zm76.1 27.2c-1.7-35.9-9.9-67.7-36.2-93.9-26.2-26.2-58-34.4-93.9-36.2-37-2.1-147.9-2.1-184.9 0-35.8 1.7-67.6 9.9-93.9 36.1s-34.4 58-36.2 93.9c-2.1 37-2.1 147.9 0 184.9 1.7 35.9 9.9 67.7 36.2 93.9s58 34.4 93.9 36.2c37 2.1 147.9 2.1 184.9 0 35.9-1.7 67.7-9.9 93.9-36.2 26.2-26.2 34.4-58 36.2-93.9 2.1-37 2.1-147.8 0-184.8zM398.8 388c-7.8 19.6-22.9 34.7-42.6 42.6-29.5 11.7-99.5 9-132.1 9s-102.7 2.6-132.1-9c-19.6-7.8-34.7-22.9-42.6-42.6-11.7-29.5-9-99.5-9-132.1s-2.6-102.7 9-132.1c7.8-19.6 22.9-34.7 42.6-42.6 29.5-11.7 99.5-9 132.1-9s102.7-2.6 132.1 9c19.6 7.8 34.7 22.9 42.6 42.6 11.7 29.5 9 99.5 9 132.1s2.7 102.7-9 132.1z\"><\/path><\/svg><\/span><\/span>\n\n<\/div>\n<\/div>\n\n<div class=\"gb-container gb-container-c8cf2232\">\n\n<h3 class=\"gb-headline gb-headline-1f8b675c gb-headline-text\">Fill out the form to leave a message<\/h3>\n\n\n<style id=\"wpforms-css-vars-root\">\n\t\t\t\t:root {\n\t\t\t\t\t--wpforms-field-border-radius: 3px;\n--wpforms-field-background-color: #ffffff;\n--wpforms-field-border-color: rgba( 0, 0, 0, 0.25 );\n--wpforms-field-text-color: rgba( 0, 0, 0, 0.7 );\n--wpforms-label-color: rgba( 0, 0, 0, 0.85 );\n--wpforms-label-sublabel-color: rgba( 0, 0, 0, 0.55 );\n--wpforms-label-error-color: #d63637;\n--wpforms-button-border-radius: 3px;\n--wpforms-button-background-color: #066aab;\n--wpforms-button-text-color: #ffffff;\n--wpforms-field-size-input-height: 43px;\n--wpforms-field-size-input-spacing: 15px;\n--wpforms-field-size-font-size: 16px;\n--wpforms-field-size-line-height: 19px;\n--wpforms-field-size-padding-h: 14px;\n--wpforms-field-size-checkbox-size: 16px;\n--wpforms-field-size-sublabel-spacing: 5px;\n--wpforms-field-size-icon-size: 1;\n--wpforms-label-size-font-size: 16px;\n--wpforms-label-size-line-height: 19px;\n--wpforms-label-size-sublabel-font-size: 14px;\n--wpforms-label-size-sublabel-line-height: 17px;\n--wpforms-button-size-font-size: 17px;\n--wpforms-button-size-height: 41px;\n--wpforms-button-size-padding-h: 15px;\n--wpforms-button-size-margin-top: 10px;\n\n\t\t\t\t}\n\t\t\t<\/style><div class=\"wpforms-container wpforms-container-full wpforms-block wpforms-block-4f2e4c18-87d3-459e-82aa-e3816b4321a5 wpforms-render-modern\" id=\"wpforms-1437\"><form id=\"wpforms-form-1437\" class=\"wpforms-validate wpforms-form wpforms-ajax-form\" data-formid=\"1437\" method=\"post\" enctype=\"multipart\/form-data\" action=\"\/en\/wp-json\/wp\/v2\/pages\/1485\" data-token=\"f4d469b8fd01cd31db21b65017f2d8e2\"><noscript class=\"wpforms-error-noscript\">Please enable JavaScript in your browser to complete this form.<\/noscript><div class=\"wpforms-hidden\" id=\"wpforms-error-noscript\">Please enable JavaScript in your browser to complete this form.<\/div><div class=\"wpforms-field-container\"><div id=\"wpforms-1437-field_0-container\" class=\"wpforms-field wpforms-field-name\" data-field-id=\"0\"><fieldset><legend class=\"wpforms-field-label\">Ad\u0131 Soyad\u0131 <span class=\"wpforms-required-label\" aria-hidden=\"true\">*<\/span><\/legend><div class=\"wpforms-field-row wpforms-field-medium\"><div class=\"wpforms-field-row-block wpforms-first wpforms-one-half\"><input type=\"text\" id=\"wpforms-1437-field_0\" class=\"wpforms-field-name-first wpforms-field-required\" name=\"wpforms[fields][0][first]\" aria-errormessage=\"wpforms-1437-field_0-error\" required><label for=\"wpforms-1437-field_0\" class=\"wpforms-field-sublabel after \">Ad<\/label><\/div><div class=\"wpforms-field-row-block wpforms-one-half\"><input type=\"text\" id=\"wpforms-1437-field_0-last\" class=\"wpforms-field-name-last wpforms-field-required\" name=\"wpforms[fields][0][last]\" aria-errormessage=\"wpforms-1437-field_0-last-error\" required><label for=\"wpforms-1437-field_0-last\" class=\"wpforms-field-sublabel after \">Soyad<\/label><\/div><\/div><\/fieldset><\/div><div id=\"wpforms-1437-field_1-container\" class=\"wpforms-field wpforms-field-email\" data-field-id=\"1\"><label class=\"wpforms-field-label\" for=\"wpforms-1437-field_1\">E-posta <span class=\"wpforms-required-label\" aria-hidden=\"true\">*<\/span><\/label><input type=\"email\" id=\"wpforms-1437-field_1\" class=\"wpforms-field-medium wpforms-field-required\" name=\"wpforms[fields][1]\" spellcheck=\"false\" aria-errormessage=\"wpforms-1437-field_1-error\" required><\/div><div id=\"wpforms-1437-field_2-container\" class=\"wpforms-field wpforms-field-textarea\" data-field-id=\"2\"><label class=\"wpforms-field-label\" for=\"wpforms-1437-field_2\">Yorum veya Mesaj<\/label><textarea id=\"wpforms-1437-field_2\" class=\"wpforms-field-medium\" name=\"wpforms[fields][2]\" aria-errormessage=\"wpforms-1437-field_2-error\" ><\/textarea><\/div><\/div><!-- .wpforms-field-container --><div class=\"wpforms-submit-container\" ><input type=\"hidden\" name=\"wpforms[id]\" value=\"1437\"><input type=\"hidden\" name=\"wpforms[author]\" value=\"1\"><button type=\"submit\" name=\"wpforms[submit]\" id=\"wpforms-submit-1437\" class=\"wpforms-submit\" data-alt-text=\"G\u00f6nderiliyor...\" data-submit-text=\"G\u00f6nder\" aria-live=\"assertive\" value=\"wpforms-submit\">G\u00f6nder<\/button><img loading=\"lazy\" decoding=\"async\" src=\"https:\/\/www.akdemirstext.com\/wp-content\/plugins\/wpforms\/assets\/images\/submit-spin.svg\" class=\"wpforms-submit-spinner\" style=\"display: none;\" width=\"26\" height=\"26\" alt=\"Loading\"><\/div><\/form><\/div>  <!-- .wpforms-container -->\n<\/div>\n<\/section>\n<p><\/p>\n","protected":false},"excerpt":{"rendered":"<p>We are waiting for your questions You can contact us about anything related to our services. E-Mail infoline@akdemirstext.com Telephone 0507 363 3909 Address Mehmet Nesih \u00d6zmen, Akasya Soka\u011f\u0131 Akasya \u0130\u015f Han\u0131 no 6 floor 2, 34173 G\u00fcng\u00f6ren\/\u0130stanbul Social Media Fill out the form to leave a message<\/p>\n","protected":false},"author":1,"featured_media":1453,"parent":0,"menu_order":0,"comment_status":"closed","ping_status":"closed","template":"","meta":{"footnotes":""},"class_list":["post-1485","page","type-page","status-publish","has-post-thumbnail"],"_links":{"self":[{"href":"https:\/\/www.akdemirstext.com\/en\/wp-json\/wp\/v2\/pages\/1485","targetHints":{"allow":["GET"]}}],"collection":[{"href":"https:\/\/www.akdemirstext.com\/en\/wp-json\/wp\/v2\/pages"}],"about":[{"href":"https:\/\/www.akdemirstext.com\/en\/wp-json\/wp\/v2\/types\/page"}],"author":[{"embeddable":true,"href":"https:\/\/www.akdemirstext.com\/en\/wp-json\/wp\/v2\/users\/1"}],"replies":[{"embeddable":true,"href":"https:\/\/www.akdemirstext.com\/en\/wp-json\/wp\/v2\/comments?post=1485"}],"version-history":[{"count":1,"href":"https:\/\/www.akdemirstext.com\/en\/wp-json\/wp\/v2\/pages\/1485\/revisions"}],"predecessor-version":[{"id":1487,"href":"https:\/\/www.akdemirstext.com\/en\/wp-json\/wp\/v2\/pages\/1485\/revisions\/1487"}],"wp:featuredmedia":[{"embeddable":true,"href":"https:\/\/www.akdemirstext.com\/en\/wp-json\/wp\/v2\/media\/1453"}],"wp:attachment":[{"href":"https:\/\/www.akdemirstext.com\/en\/wp-json\/wp\/v2\/media?parent=1485"}],"curies":[{"name":"wp","href":"https:\/\/api.w.org\/{rel}","templated":true}]}}